{"id":402,"date":"2024-02-26T10:00:41","date_gmt":"2024-02-26T10:00:41","guid":{"rendered":"https:\/\/subconcession.enapor.cv\/?page_id=402"},"modified":"2024-03-11T10:28:59","modified_gmt":"2024-03-11T10:28:59","slug":"newsroom","status":"publish","type":"page","link":"https:\/\/www.subconcession.enapor.cv\/en\/newsroom\/","title":{"rendered":"Newsroom"},"content":{"rendered":"<div data-elementor-type=\"wp-page\" data-elementor-id=\"402\" class=\"elementor elementor-402\" data-elementor-post-type=\"page\">\n\t\t\t\t\t\t<section class=\"elementor-section elementor-top-section elementor-element elementor-element-8d098b5 elementor-section-full_width elementor-section-height-default elementor-section-height-default\" data-id=\"8d098b5\" data-element_type=\"section\">\n\t\t\t\t\t\t<div class=\"elementor-container elementor-column-gap-default\">\n\t\t\t\t\t<div class=\"elementor-column elementor-col-100 elementor-top-column elementor-element elementor-element-340937f\" data-id=\"340937f\" data-element_type=\"column\">\n\t\t\t<div class=\"elementor-widget-wrap elementor-element-populated\">\n\t\t\t\t\t\t<div class=\"elementor-element elementor-element-67a779b elementor-widget elementor-widget-heading\" data-id=\"67a779b\" data-element_type=\"widget\" data-widget_type=\"heading.default\">\n\t\t\t\t<div class=\"elementor-widget-container\">\n\t\t\t\t\t<h2 class=\"elementor-heading-title elementor-size-default\">Newsroom<\/h2>\t\t\t\t<\/div>\n\t\t\t\t<\/div>\n\t\t\t\t<div class=\"elementor-element elementor-element-9d05619 premium-blog-align-justify elementor-widget elementor-widget-premium-addon-blog\" data-id=\"9d05619\" data-element_type=\"widget\" id=\"first-notice\" data-settings=\"{&quot;premium_blog_columns_number&quot;:&quot;100%&quot;,&quot;premium_blog_columns_number_tablet&quot;:&quot;100%&quot;,&quot;premium_blog_grid&quot;:&quot;yes&quot;,&quot;premium_blog_layout&quot;:&quot;even&quot;,&quot;premium_blog_columns_number_mobile&quot;:&quot;100%&quot;}\" data-widget_type=\"premium-addon-blog.default\">\n\t\t\t\t<div class=\"elementor-widget-container\">\n\t\t\t\t\t\r\n\t\t\t\t<div class=\"premium-blog-wrap  premium-blog-even\" data-page=\"402\">\r\n\t\t\t\t\t<div class=\"premium-blog-post-outer-container\" data-total=\"4\">\r\n\t\t\t<div class=\"premium-blog-post-container premium-blog-skin-side\">\r\n\t\t\t\t\t\t\t\t\t<div class=\"premium-blog-thumb-effect-wrapper\">\r\n\t\t\t\t\t\t<div class=\"premium-blog-thumbnail-container premium-blog-zoomin-effect\">\r\n\t\t\t\t\t\t\t<img fetchpriority=\"high\" decoding=\"async\" width=\"1023\" height=\"608\" src=\"https:\/\/www.subconcession.enapor.cv\/wp-content\/uploads\/2024\/04\/Screenshot_2.jpg\" class=\"attachment-full size-full wp-image-1800\" alt=\"\" \/>\t\t\t\t\t\t<\/div>\r\n\t\t\t\t\t\t\t\t\t\t\t\t\t<div class=\"premium-blog-thumbnail-overlay\">\r\n\t\t\t\t\t\t\t\t<a class=\"elementor-icon\" href=\"https:\/\/www.subconcession.enapor.cv\/en\/governo-espera-encontrar-parceiro-de-referencia-para-subconcessionar-os-servicos-portuarios-em-cabo-verde\/\" target=\"_self\"><\/a>\r\n\t\t\t\t\t\t\t<\/div>\r\n\r\n\t\t\t\t\t\t\t\t\t\t\t\t\t\t\t\t\t\t<\/div>\r\n\t\t\t\t\t\t\t\t\t\t\t\t<div class=\"premium-blog-content-wrapper\">\r\n\r\n\t\t\t\t\t<div class=\"premium-blog-inner-container\">\r\n\r\n\t\t\t\t\t\t\t\t\t\t\t\t\t\t<h2 class=\"premium-blog-entry-title\">\r\n\t\t\t<a href=\"https:\/\/www.subconcession.enapor.cv\/en\/governo-espera-encontrar-parceiro-de-referencia-para-subconcessionar-os-servicos-portuarios-em-cabo-verde\/\" target=\"_self\">\r\n\t\t\t\tGovernment hopes to find \"reference partner\" to sub-concession port services in Cabo Verde.\t\t\t<\/a>\r\n\t\t<\/h2>\r\n\t\t\t\t<div class=\"premium-blog-entry-meta\">\r\n\t\t\t\r\n\t\t\t\r\n\t\t\t\r\n\t\t\t\t\t<\/div>\r\n\t\t\r\n\t\t\t\t\t<\/div>\r\n\r\n\t\t\t\t\t\t\t<div class=\"premium-blog-content-inner-wrapper\">\r\n\t\t<p class=\"premium-blog-post-content\">O Sr.\u200b Vice-Primeiro Ministro e Ministro das Finan\u00e7as  e do Fomento Empresarial, Dr. Olavo Correia, esteve presente  no acto de lan\u00e7amento da consulta p\u00fablica para subconcess\u00e3o dos servi\u00e7os portu\u00e1rios de Cabo Verde, no passado dia 11 de Mar\u00e7o, considerado um passo significativo no sentido de melhorar a efici\u00eancia operacional e a competitividade global dos portos no pa\u00eds.<\/p><div class=\"premium-blog-excerpt-link-wrap\"><a href=\"https:\/\/www.subconcession.enapor.cv\/en\/governo-espera-encontrar-parceiro-de-referencia-para-subconcessionar-os-servicos-portuarios-em-cabo-verde\/\" target=\"_self\" class=\"premium-blog-excerpt-link elementor-button\">FIND OUT MORE<\/a><\/div>\t\t<\/div>\r\n\t\t\t\t\t\t\t\r\n\t\t\t\t<\/div>\r\n\t\t\t<\/div>\r\n\t\t<\/div>\r\n\r\n\t\t\t\t<\/div>\r\n\r\n\t\t\t\t\t\t<\/div>\n\t\t\t\t<\/div>\n\t\t\t\t<div class=\"elementor-element elementor-element-f0f87fa premium-blog-align-justify elementor-widget elementor-widget-premium-addon-blog\" data-id=\"f0f87fa\" data-element_type=\"widget\" data-settings=\"{&quot;premium_blog_columns_number&quot;:&quot;100%&quot;,&quot;premium_blog_columns_number_tablet&quot;:&quot;100%&quot;,&quot;premium_blog_grid&quot;:&quot;yes&quot;,&quot;premium_blog_layout&quot;:&quot;even&quot;,&quot;premium_blog_columns_number_mobile&quot;:&quot;100%&quot;,&quot;scroll_to_offset&quot;:&quot;yes&quot;}\" data-widget_type=\"premium-addon-blog.default\">\n\t\t\t\t<div class=\"elementor-widget-container\">\n\t\t\t\t\t\r\n\t\t\t\t<div class=\"premium-blog-wrap  premium-blog-even\" data-page=\"402\">\r\n\t\t\t\t\t<div class=\"premium-blog-post-outer-container\" data-total=\"1\">\r\n\t\t\t<div class=\"premium-blog-post-container premium-blog-skin-side\">\r\n\t\t\t\t\t\t\t\t\t<div class=\"premium-blog-thumb-effect-wrapper\">\r\n\t\t\t\t\t\t<div class=\"premium-blog-thumbnail-container premium-blog-zoomin-effect\">\r\n\t\t\t\t\t\t\t<img decoding=\"async\" width=\"988\" height=\"577\" src=\"https:\/\/www.subconcession.enapor.cv\/wp-content\/uploads\/2024\/04\/Sandeney-Cabral.jpg\" class=\"attachment-full size-full wp-image-1807\" alt=\"\" \/>\t\t\t\t\t\t<\/div>\r\n\t\t\t\t\t\t\t\t\t\t\t\t\t<div class=\"premium-blog-thumbnail-overlay\">\r\n\t\t\t\t\t\t\t\t<a class=\"elementor-icon\" href=\"https:\/\/www.subconcession.enapor.cv\/en\/o-processo-de-subconcessao-dos-portos-de-cabo-verde-e-noticia-internacional\/\" target=\"_self\"><\/a>\r\n\t\t\t\t\t\t\t<\/div>\r\n\r\n\t\t\t\t\t\t\t\t\t\t\t\t\t\t\t\t\t\t<\/div>\r\n\t\t\t\t\t\t\t\t\t\t\t\t<div class=\"premium-blog-content-wrapper\">\r\n\r\n\t\t\t\t\t<div class=\"premium-blog-inner-container\">\r\n\r\n\t\t\t\t\t\t\t\t\t\t\t\t\t\t<h2 class=\"premium-blog-entry-title\">\r\n\t\t\t<a href=\"https:\/\/www.subconcession.enapor.cv\/en\/o-processo-de-subconcessao-dos-portos-de-cabo-verde-e-noticia-internacional\/\" target=\"_self\">\r\n\t\t\t\tThe Government of Cape Verde made international news.\t\t\t<\/a>\r\n\t\t<\/h2>\r\n\t\t\t\t<div class=\"premium-blog-entry-meta\">\r\n\t\t\t\r\n\t\t\t\r\n\t\t\t\r\n\t\t\t\t\t<\/div>\r\n\t\t\r\n\t\t\t\t\t<\/div>\r\n\r\n\t\t\t\t\t\t\t<div class=\"premium-blog-content-inner-wrapper\">\r\n\t\t<p class=\"premium-blog-post-content\">Foram v\u00e1rios os meios de comunica\u00e7\u00e3o que se reuniram em torno de lan\u00e7amento da primeira fase do concurso de Subconcess\u00e3o dos Portos de Cabo Verde- Consulta p\u00fablica - no passado dia 11 de Mar\u00e7o. \nAli tiveram oportunidade de, em conversa com o Coordenador da Unidade de Acompanhamento do Sector Empresarial do Estado\n(UASE), Dr. Sandeney Cabral Fernandes, perceber e divulgar a inciativa governamental de proceder \u00e0 Subconcess\u00e3o dos assets portu\u00e1rios de Cabo Verde atrav\u00e9s da Enapor .<\/p><div class=\"premium-blog-excerpt-link-wrap\"><a href=\"https:\/\/www.subconcession.enapor.cv\/en\/o-processo-de-subconcessao-dos-portos-de-cabo-verde-e-noticia-internacional\/\" target=\"_self\" class=\"premium-blog-excerpt-link elementor-button\">FIND OUT MORE<\/a><\/div>\t\t<\/div>\r\n\t\t\t\t\t\t\t\r\n\t\t\t\t<\/div>\r\n\t\t\t<\/div>\r\n\t\t<\/div>\r\n\r\n\t\t\t\t<div class=\"premium-blog-post-outer-container\" data-total=\"1\">\r\n\t\t\t<div class=\"premium-blog-post-container premium-blog-skin-side\">\r\n\t\t\t\t\t\t\t\t\t<div class=\"premium-blog-thumb-effect-wrapper\">\r\n\t\t\t\t\t\t<div class=\"premium-blog-thumbnail-container premium-blog-zoomin-effect\">\r\n\t\t\t\t\t\t\t<img decoding=\"async\" width=\"2560\" height=\"1400\" src=\"https:\/\/www.subconcession.enapor.cv\/wp-content\/uploads\/2024\/02\/Foto7-2-scaled.jpg\" class=\"attachment-full size-full wp-image-1598\" alt=\"\" srcset=\"https:\/\/www.subconcession.enapor.cv\/wp-content\/uploads\/2024\/02\/Foto7-2-scaled.jpg 2560w, https:\/\/www.subconcession.enapor.cv\/wp-content\/uploads\/2024\/02\/Foto7-2-300x164.jpg 300w, https:\/\/www.subconcession.enapor.cv\/wp-content\/uploads\/2024\/02\/Foto7-2-1024x560.jpg 1024w, https:\/\/www.subconcession.enapor.cv\/wp-content\/uploads\/2024\/02\/Foto7-2-768x420.jpg 768w, https:\/\/www.subconcession.enapor.cv\/wp-content\/uploads\/2024\/02\/Foto7-2-1536x840.jpg 1536w, https:\/\/www.subconcession.enapor.cv\/wp-content\/uploads\/2024\/02\/Foto7-2-2048x1120.jpg 2048w, https:\/\/www.subconcession.enapor.cv\/wp-content\/uploads\/2024\/02\/Foto7-2-18x10.jpg 18w\" sizes=\"(max-width: 2560px) 100vw, 2560px\" \/>\t\t\t\t\t\t<\/div>\r\n\t\t\t\t\t\t\t\t\t\t\t\t\t<div class=\"premium-blog-thumbnail-overlay\">\r\n\t\t\t\t\t\t\t\t<a class=\"elementor-icon\" href=\"https:\/\/www.subconcession.enapor.cv\/en\/governo-de-cabo-verde-subconcessiona-servicos-portuarios\/\" target=\"_self\"><\/a>\r\n\t\t\t\t\t\t\t<\/div>\r\n\r\n\t\t\t\t\t\t\t\t\t\t\t\t\t\t\t\t\t\t<\/div>\r\n\t\t\t\t\t\t\t\t\t\t\t\t<div class=\"premium-blog-content-wrapper\">\r\n\r\n\t\t\t\t\t<div class=\"premium-blog-inner-container\">\r\n\r\n\t\t\t\t\t\t\t\t\t\t\t\t\t\t<h2 class=\"premium-blog-entry-title\">\r\n\t\t\t<a href=\"https:\/\/www.subconcession.enapor.cv\/en\/governo-de-cabo-verde-subconcessiona-servicos-portuarios\/\" target=\"_self\">\r\n\t\t\t\tCape Verde government sub-concessions port services\t\t\t<\/a>\r\n\t\t<\/h2>\r\n\t\t\t\t<div class=\"premium-blog-entry-meta\">\r\n\t\t\t\r\n\t\t\t\r\n\t\t\t\r\n\t\t\t\t\t<\/div>\r\n\t\t\r\n\t\t\t\t\t<\/div>\r\n\r\n\t\t\t\t\t\t\t<div class=\"premium-blog-content-inner-wrapper\">\r\n\t\t<p class=\"premium-blog-post-content\">One of Cape Verde's main strategic objectives is to take advantage of its strategic location in the Middle Atlantic, becoming a maritime platform between the markets of Europe, Africa, North America, and South America, making the most of the potential of the blue economy, which could rise from 8% (2020) to around 25% of GDP and from 11,000 to around 30,000 to 35,000 jobs by 2030.<\/p><div class=\"premium-blog-excerpt-link-wrap\"><a href=\"https:\/\/www.subconcession.enapor.cv\/en\/governo-de-cabo-verde-subconcessiona-servicos-portuarios\/\" target=\"_self\" class=\"premium-blog-excerpt-link elementor-button\">FIND OUT MORE<\/a><\/div>\t\t<\/div>\r\n\t\t\t\t\t\t\t\r\n\t\t\t\t<\/div>\r\n\t\t\t<\/div>\r\n\t\t<\/div>\r\n\r\n\t\t\t\t<div class=\"premium-blog-post-outer-container\" data-total=\"1\">\r\n\t\t\t<div class=\"premium-blog-post-container premium-blog-skin-side\">\r\n\t\t\t\t\t\t\t\t\t<div class=\"premium-blog-thumb-effect-wrapper\">\r\n\t\t\t\t\t\t<div class=\"premium-blog-thumbnail-container premium-blog-zoomin-effect\">\r\n\t\t\t\t\t\t\t<img loading=\"lazy\" decoding=\"async\" width=\"2560\" height=\"1707\" src=\"https:\/\/www.subconcession.enapor.cv\/wp-content\/uploads\/2024\/02\/Enapor-Porto-39-scaled.jpg\" class=\"attachment-full size-full wp-image-1597\" alt=\"\" srcset=\"https:\/\/www.subconcession.enapor.cv\/wp-content\/uploads\/2024\/02\/Enapor-Porto-39-scaled.jpg 2560w, https:\/\/www.subconcession.enapor.cv\/wp-content\/uploads\/2024\/02\/Enapor-Porto-39-300x200.jpg 300w, https:\/\/www.subconcession.enapor.cv\/wp-content\/uploads\/2024\/02\/Enapor-Porto-39-1024x683.jpg 1024w, https:\/\/www.subconcession.enapor.cv\/wp-content\/uploads\/2024\/02\/Enapor-Porto-39-768x512.jpg 768w, https:\/\/www.subconcession.enapor.cv\/wp-content\/uploads\/2024\/02\/Enapor-Porto-39-1536x1024.jpg 1536w, https:\/\/www.subconcession.enapor.cv\/wp-content\/uploads\/2024\/02\/Enapor-Porto-39-2048x1365.jpg 2048w, https:\/\/www.subconcession.enapor.cv\/wp-content\/uploads\/2024\/02\/Enapor-Porto-39-18x12.jpg 18w\" sizes=\"(max-width: 2560px) 100vw, 2560px\" \/>\t\t\t\t\t\t<\/div>\r\n\t\t\t\t\t\t\t\t\t\t\t\t\t<div class=\"premium-blog-thumbnail-overlay\">\r\n\t\t\t\t\t\t\t\t<a class=\"elementor-icon\" href=\"https:\/\/www.subconcession.enapor.cv\/en\/processo-de-subconcessao-das-atividades-portuarias-lancado-nos-proximos-dias\/\" target=\"_self\"><\/a>\r\n\t\t\t\t\t\t\t<\/div>\r\n\r\n\t\t\t\t\t\t\t\t\t\t\t\t\t\t\t\t\t\t<\/div>\r\n\t\t\t\t\t\t\t\t\t\t\t\t<div class=\"premium-blog-content-wrapper\">\r\n\r\n\t\t\t\t\t<div class=\"premium-blog-inner-container\">\r\n\r\n\t\t\t\t\t\t\t\t\t\t\t\t\t\t<h2 class=\"premium-blog-entry-title\">\r\n\t\t\t<a href=\"https:\/\/www.subconcession.enapor.cv\/en\/processo-de-subconcessao-das-atividades-portuarias-lancado-nos-proximos-dias\/\" target=\"_self\">\r\n\t\t\t\tSubconcession process for port activities launched in the next few days\t\t\t<\/a>\r\n\t\t<\/h2>\r\n\t\t\t\t<div class=\"premium-blog-entry-meta\">\r\n\t\t\t\r\n\t\t\t\r\n\t\t\t\r\n\t\t\t\t\t<\/div>\r\n\t\t\r\n\t\t\t\t\t<\/div>\r\n\r\n\t\t\t\t\t\t\t<div class=\"premium-blog-content-inner-wrapper\">\r\n\t\t<p class=\"premium-blog-post-content\">The management of port services, currently run by Cape Verde's public port management company (Enapor), will be sub-concessioned in the coming days, told the Secretary of State for Finance to Lusa today.<\/p><div class=\"premium-blog-excerpt-link-wrap\"><a href=\"https:\/\/www.subconcession.enapor.cv\/en\/processo-de-subconcessao-das-atividades-portuarias-lancado-nos-proximos-dias\/\" target=\"_self\" class=\"premium-blog-excerpt-link elementor-button\">FIND OUT MORE<\/a><\/div>\t\t<\/div>\r\n\t\t\t\t\t\t\t\r\n\t\t\t\t<\/div>\r\n\t\t\t<\/div>\r\n\t\t<\/div>\r\n\r\n\t\t\t\t<\/div>\r\n\r\n\t\t\t\t\t\t<\/div>\n\t\t\t\t<\/div>\n\t\t\t\t\t<\/div>\n\t\t<\/div>\n\t\t\t\t\t<\/div>\n\t\t<\/section>\n\t\t\t\t<\/div>","protected":false},"excerpt":{"rendered":"<p>Newsroom Governo de Cabo Verde subconcessiona servi\u00e7os portu\u00e1rios Governo de Cabo Verde subconcessiona servi\u00e7os portu\u00e1rios Um dos principais objetivos estrat\u00e9gicos de Cabo Verde \u00e9 tirar partido da sua localiza\u00e7\u00e3o estrat\u00e9gica no Atl\u00e2ntico M\u00e9dio, transformando-se numa plataforma mar\u00edtima entre os mercados da Europa, \u00c1frica, Am\u00e9rica do Norte e Am\u00e9rica do Sul, valorizando o potencial da economia [&hellip;]<\/p>","protected":false},"author":1,"featured_media":0,"parent":0,"menu_order":0,"comment_status":"closed","ping_status":"closed","template":"elementor_header_footer","meta":{"footnotes":""},"class_list":["post-402","page","type-page","status-publish","hentry"],"_links":{"self":[{"href":"https:\/\/www.subconcession.enapor.cv\/en\/wp-json\/wp\/v2\/pages\/402","targetHints":{"allow":["GET"]}}],"collection":[{"href":"https:\/\/www.subconcession.enapor.cv\/en\/wp-json\/wp\/v2\/pages"}],"about":[{"href":"https:\/\/www.subconcession.enapor.cv\/en\/wp-json\/wp\/v2\/types\/page"}],"author":[{"embeddable":true,"href":"https:\/\/www.subconcession.enapor.cv\/en\/wp-json\/wp\/v2\/users\/1"}],"replies":[{"embeddable":true,"href":"https:\/\/www.subconcession.enapor.cv\/en\/wp-json\/wp\/v2\/comments?post=402"}],"version-history":[{"count":190,"href":"https:\/\/www.subconcession.enapor.cv\/en\/wp-json\/wp\/v2\/pages\/402\/revisions"}],"predecessor-version":[{"id":1639,"href":"https:\/\/www.subconcession.enapor.cv\/en\/wp-json\/wp\/v2\/pages\/402\/revisions\/1639"}],"wp:attachment":[{"href":"https:\/\/www.subconcession.enapor.cv\/en\/wp-json\/wp\/v2\/media?parent=402"}],"curies":[{"name":"wp","href":"https:\/\/api.w.org\/{rel}","templated":true}]}}